{"id":1025,"date":"2018-06-04T20:22:30","date_gmt":"2018-06-04T18:22:30","guid":{"rendered":"http:\/\/dansstudio.nu\/?page_id=1025"},"modified":"2022-09-28T18:13:48","modified_gmt":"2022-09-28T16:13:48","slug":"scholarship-ansokan","status":"publish","type":"page","link":"http:\/\/dansstudio.nu\/en\/scholarship-ansokan\/","title":{"rendered":"Scholarship Ans\u00f6kan"},"content":{"rendered":"<p>Scholarship ans\u00f6kan<\/p>\n<p>F\u00f6r att s\u00f6ka b\u00f6r du:<\/p>\n<p>&#8211; Ha dansat p\u00e5 Dansstudion i Norby eller Move 2 Dance i minst ett \u00e5r.<\/p>\n<p>-Mottagit en rekommendation fr\u00e5n en l\u00e4rare som \u00e4r kopplad till Ekeby Dansstudio.<\/p>\n<p>F\u00f6delsedatum:<\/p>\n<p>Namn:<\/p>\n<p>Adress:<\/p>\n<p>Postnr:<\/p>\n<p>Ort:<\/p>\n<p>Tel:<\/p>\n<p>Email:<\/p>\n<p>L\u00e4rare:<\/p>\n<p>TIdigare danserfarenhet:<\/p>\n<p>Posta din ans\u00f6kan till Ekeby Dansstudio, Idrottsgatan 17, 16935\u00a0 Solna. Eller maila din ans\u00f6kan till: ekeby@dansstudio.nu.<\/p>\n","protected":false},"excerpt":{"rendered":"<p>Scholarship ans\u00f6kan F\u00f6r att s\u00f6ka b\u00f6r du: &#8211; Ha dansat p\u00e5 Dansstudion i Norby eller Move 2 Dance i minst ett \u00e5r. -Mottagit en rekommendation fr\u00e5n en l\u00e4rare som \u00e4r kopplad till Ekeby Dansstudio. F\u00f6delsedatum: Namn: Adress: Postnr: Ort: Tel: Email: L\u00e4rare: TIdigare danserfarenhet: Posta din ans\u00f6kan till Ekeby Dansstudio, Idrottsgatan 17, 16935\u00a0 Solna. Eller [&hellip;]<\/p>\n","protected":false},"author":2,"featured_media":0,"parent":0,"menu_order":0,"comment_status":"closed","ping_status":"closed","template":"","meta":{"_genesis_hide_title":false,"_genesis_hide_breadcrumbs":false,"_genesis_hide_singular_image":false,"_genesis_hide_footer_widgets":false,"_genesis_custom_body_class":"","_genesis_custom_post_class":"","_genesis_layout":"","footnotes":""},"_links":{"self":[{"href":"http:\/\/dansstudio.nu\/en\/wp-json\/wp\/v2\/pages\/1025"}],"collection":[{"href":"http:\/\/dansstudio.nu\/en\/wp-json\/wp\/v2\/pages"}],"about":[{"href":"http:\/\/dansstudio.nu\/en\/wp-json\/wp\/v2\/types\/page"}],"author":[{"embeddable":true,"href":"http:\/\/dansstudio.nu\/en\/wp-json\/wp\/v2\/users\/2"}],"replies":[{"embeddable":true,"href":"http:\/\/dansstudio.nu\/en\/wp-json\/wp\/v2\/comments?post=1025"}],"version-history":[{"count":5,"href":"http:\/\/dansstudio.nu\/en\/wp-json\/wp\/v2\/pages\/1025\/revisions"}],"predecessor-version":[{"id":2150,"href":"http:\/\/dansstudio.nu\/en\/wp-json\/wp\/v2\/pages\/1025\/revisions\/2150"}],"wp:attachment":[{"href":"http:\/\/dansstudio.nu\/en\/wp-json\/wp\/v2\/media?parent=1025"}],"curies":[{"name":"wp","href":"https:\/\/api.w.org\/{rel}","templated":true}]}}