{"id":24,"date":"2017-08-09T15:07:22","date_gmt":"2017-08-09T13:07:22","guid":{"rendered":"http:\/\/prototyp.dansstudio.nu\/?page_id=24"},"modified":"2022-09-28T19:16:26","modified_gmt":"2022-09-28T17:16:26","slug":"samarbeten","status":"publish","type":"page","link":"http:\/\/dansstudio.nu\/en\/om-dansstudion\/samarbeten\/","title":{"rendered":"V\u00e5ra samarbeten"},"content":{"rendered":"<p><img loading=\"lazy\" decoding=\"async\" class=\"alignnone size-medium wp-image-26\" src=\"http:\/\/dansstudio.nu\/wp-content\/uploads\/2017\/08\/uppsala-kommun-logotyp-300x75.png\" alt=\"\" width=\"300\" height=\"75\" srcset=\"http:\/\/dansstudio.nu\/wp-content\/uploads\/2017\/08\/uppsala-kommun-logotyp-300x75.png 300w, http:\/\/dansstudio.nu\/wp-content\/uploads\/2017\/08\/uppsala-kommun-logotyp.png 355w\" sizes=\"(max-width: 300px) 100vw, 300px\" \/><\/p>\n<p><img loading=\"lazy\" decoding=\"async\" class=\"alignnone size-medium wp-image-27\" src=\"http:\/\/dansstudio.nu\/wp-content\/uploads\/2017\/08\/devote-dance-logotyp-300x44.png\" alt=\"\" width=\"300\" height=\"44\" srcset=\"http:\/\/dansstudio.nu\/wp-content\/uploads\/2017\/08\/devote-dance-logotyp-300x44.png 300w, http:\/\/dansstudio.nu\/wp-content\/uploads\/2017\/08\/devote-dance-logotyp.png 355w\" sizes=\"(max-width: 300px) 100vw, 300px\" \/><\/p>\n<p>Devote \u00e4r en ideell ungdomsorganisation har arbetat f\u00f6r att g\u00f6ra dans tillg\u00e4ngligt f\u00f6r barn och ungdomar \u00f6ver hela Sverige. Organisationens verksamhet b\u00f6rjade i Uppsala och har fr\u00e5n b\u00f6rjan haft sitt st\u00f6rsta fokus p\u00e5 dansstilen Breakdance.<br \/>\n<strong><b><a href=\"http:\/\/www.devotedance.se\/\" target=\"_blank\" rel=\"noopener noreferrer\">www.devotedance.se<\/a><\/b><\/strong><\/p>\n<p><img loading=\"lazy\" decoding=\"async\" class=\"alignnone size-medium wp-image-25\" src=\"http:\/\/dansstudio.nu\/wp-content\/uploads\/2017\/08\/studieframjandet-logotyp-300x174.png\" alt=\"\" width=\"300\" height=\"174\" srcset=\"http:\/\/dansstudio.nu\/wp-content\/uploads\/2017\/08\/studieframjandet-logotyp-300x174.png 300w, http:\/\/dansstudio.nu\/wp-content\/uploads\/2017\/08\/studieframjandet-logotyp.png 355w\" sizes=\"(max-width: 300px) 100vw, 300px\" \/><\/p>\n<p><span class=\"Apple-style-span\">Med Studiefr\u00e4mjandet har du alltid n\u00e4ra till nya kunskaper, upplevelser och gemenskap med andra. Vi har en bred studie- och kulturverksamhet. V\u00e5ra profilomr\u00e5den \u00e4r kultur, natur och djur men vi erbjuder ocks\u00e5 studiecirklar i andra \u00e4mnen.<br \/>\n<\/span><strong><b><a href=\"http:\/\/www.studieframjandet.se\/\" target=\"_blank\" rel=\"noopener noreferrer\">www.studieframjandet.se<\/a><\/b><\/strong><\/p>\n","protected":false},"excerpt":{"rendered":"<p>Devote \u00e4r en ideell ungdomsorganisation har arbetat f\u00f6r att g\u00f6ra dans tillg\u00e4ngligt f\u00f6r barn och ungdomar \u00f6ver hela Sverige. Organisationens verksamhet b\u00f6rjade i Uppsala och har fr\u00e5n b\u00f6rjan haft sitt st\u00f6rsta fokus p\u00e5 dansstilen Breakdance. www.devotedance.se Med Studiefr\u00e4mjandet har du alltid n\u00e4ra till nya kunskaper, upplevelser och gemenskap med andra. Vi har en bred studie- [&hellip;]<\/p>\n","protected":false},"author":1,"featured_media":332,"parent":405,"menu_order":30,"comment_status":"closed","ping_status":"closed","template":"","meta":{"_genesis_hide_title":false,"_genesis_hide_breadcrumbs":false,"_genesis_hide_singular_image":false,"_genesis_hide_footer_widgets":false,"_genesis_custom_body_class":"","_genesis_custom_post_class":"","_genesis_layout":"","footnotes":""},"_links":{"self":[{"href":"http:\/\/dansstudio.nu\/en\/wp-json\/wp\/v2\/pages\/24"}],"collection":[{"href":"http:\/\/dansstudio.nu\/en\/wp-json\/wp\/v2\/pages"}],"about":[{"href":"http:\/\/dansstudio.nu\/en\/wp-json\/wp\/v2\/types\/page"}],"author":[{"embeddable":true,"href":"http:\/\/dansstudio.nu\/en\/wp-json\/wp\/v2\/users\/1"}],"replies":[{"embeddable":true,"href":"http:\/\/dansstudio.nu\/en\/wp-json\/wp\/v2\/comments?post=24"}],"version-history":[{"count":1,"href":"http:\/\/dansstudio.nu\/en\/wp-json\/wp\/v2\/pages\/24\/revisions"}],"predecessor-version":[{"id":2159,"href":"http:\/\/dansstudio.nu\/en\/wp-json\/wp\/v2\/pages\/24\/revisions\/2159"}],"up":[{"embeddable":true,"href":"http:\/\/dansstudio.nu\/en\/wp-json\/wp\/v2\/pages\/405"}],"wp:featuredmedia":[{"embeddable":true,"href":"http:\/\/dansstudio.nu\/en\/wp-json\/wp\/v2\/media\/332"}],"wp:attachment":[{"href":"http:\/\/dansstudio.nu\/en\/wp-json\/wp\/v2\/media?parent=24"}],"curies":[{"name":"wp","href":"https:\/\/api.w.org\/{rel}","templated":true}]}}