{"id":43,"date":"2017-08-09T15:28:12","date_gmt":"2017-08-09T13:28:12","guid":{"rendered":"http:\/\/prototyp.dansstudio.nu\/?page_id=43"},"modified":"2025-10-19T20:12:27","modified_gmt":"2025-10-19T18:12:27","slug":"kursvillkor","status":"publish","type":"page","link":"http:\/\/dansstudio.nu\/en\/kurser-anmalan\/kursvillkor\/","title":{"rendered":"Kursvillkor"},"content":{"rendered":"<h3>Anm\u00e4lan<\/h3>\n<p>Anm\u00e4lan sker via v\u00e5r hemsida eller p\u00e5 plats. Vid anm\u00e4lan erh\u00e5lls information\/betalavi d\u00e4r allt om kursen framg\u00e5r. Fr.o.m att bokning av kurs bekr\u00e4ftats av oss \u00e4r bokningen bindande. Observera att anm\u00e4lan \u00e4r bindande!<\/p>\n<p>OBS! \u00c4r du under 18 \u00e5r \u00e4r m\u00e5lsman ansvarig f\u00f6r bokning av kurs och det \u00e4r dennes E-postadress som m\u00e5ste anges vid bokningen.<\/p>\n<h3>Prova-p\u00e5-lektioner<\/h3>\n<p>En prova-p\u00e5-klass \u00e4r EJ samma sak som en anm\u00e4lan. F\u00f6r en prova-p\u00e5-klass, v\u00e4nligen kontakta personal f\u00f6r mer info.<\/p>\n<h3>Enstaka Drop in-klasser<\/h3>\n<p>175kr\/klass(60 min), 190kr\/klass(90 min).<\/p>\n<h3>Avanm\u00e4lan<\/h3>\n<p>Sker skriftligen via mejl till registrering@dansstudio.nu eller via Post: Ekeby Dansstudio, Idrottsgatan 17, 169 35 Solna.<\/p>\n<p><strong>OBS<\/strong> Anm\u00e4lan \u00e4r bindande!\u00a0 Vid eventuell avanm\u00e4lan debiteras full avgift. Men bokar du en kurs via v\u00e5r hemsida, har du r\u00e4tt att avboka din kursanm\u00e4lan inom 14 dagar.\u00a0 \u00c5ngerr\u00e4tten b\u00f6rjar g\u00e4lla s\u00e5 fort du har f\u00e5tt din bokningsbekr\u00e4ftelse. Har du inte gjort en avanm\u00e4lan inom 14 dagar har du valt att avst\u00e5 \u00e5ngerr\u00e4tten. OBS. Har du p\u00e5b\u00f6rjat din kurs inom dessa 14 dagar debiteras full kursavgift.\u00a0 Om avbokning skulle ske inom 14 dagar men senare \u00e4n en vecka f\u00f6re kursstart debiteras en avanm\u00e4lningsavgift p\u00e5 250kr. Vid sjukdom\u00a0 skall l\u00e4karintyg bifogas.<\/p>\n<p><strong>OBS<\/strong> Att utebli fr\u00e5n kursen r\u00e4knas INTE som en avanm\u00e4lan.<\/p>\n<h3>Kursbyte<\/h3>\n<p>Kursbyte \u00e4r m\u00f6jligt i m\u00e5n av plats.<\/p>\n<h3>Rabatter<\/h3>\n<ul>\n<li>Andra kursen 100 kr rabatt.<\/li>\n<li>Tredje kursen 200 kr rabatt.<\/li>\n<li>Fj\u00e4rde kursen 300 kr rabatt.<\/li>\n<li>Syskonrabatt 50 kr.<\/li>\n<\/ul>\n<p>Kom ih\u00e5g att n\u00e4mna i bokningen om eleven tar 2,3,4\u00a0 klasser eller om hen har syskon som tar klass. OBS. M\u00e4ngdrabatt och syskonrabatt g\u00e5r ej att kombinera.<\/p>\n","protected":false},"excerpt":{"rendered":"<p>Anm\u00e4lan Anm\u00e4lan sker via v\u00e5r hemsida eller p\u00e5 plats. Vid anm\u00e4lan erh\u00e5lls information\/betalavi d\u00e4r allt om kursen framg\u00e5r. Fr.o.m att bokning av kurs bekr\u00e4ftats av oss \u00e4r bokningen bindande. Observera att anm\u00e4lan \u00e4r bindande! OBS! \u00c4r du under 18 \u00e5r \u00e4r m\u00e5lsman ansvarig f\u00f6r bokning av kurs och det \u00e4r dennes E-postadress som m\u00e5ste anges [&hellip;]<\/p>\n","protected":false},"author":1,"featured_media":0,"parent":33,"menu_order":99,"comment_status":"closed","ping_status":"closed","template":"","meta":{"_genesis_hide_title":false,"_genesis_hide_breadcrumbs":false,"_genesis_hide_singular_image":false,"_genesis_hide_footer_widgets":false,"_genesis_custom_body_class":"","_genesis_custom_post_class":"","_genesis_layout":"","footnotes":""},"_links":{"self":[{"href":"http:\/\/dansstudio.nu\/en\/wp-json\/wp\/v2\/pages\/43"}],"collection":[{"href":"http:\/\/dansstudio.nu\/en\/wp-json\/wp\/v2\/pages"}],"about":[{"href":"http:\/\/dansstudio.nu\/en\/wp-json\/wp\/v2\/types\/page"}],"author":[{"embeddable":true,"href":"http:\/\/dansstudio.nu\/en\/wp-json\/wp\/v2\/users\/1"}],"replies":[{"embeddable":true,"href":"http:\/\/dansstudio.nu\/en\/wp-json\/wp\/v2\/comments?post=43"}],"version-history":[{"count":12,"href":"http:\/\/dansstudio.nu\/en\/wp-json\/wp\/v2\/pages\/43\/revisions"}],"predecessor-version":[{"id":2991,"href":"http:\/\/dansstudio.nu\/en\/wp-json\/wp\/v2\/pages\/43\/revisions\/2991"}],"up":[{"embeddable":true,"href":"http:\/\/dansstudio.nu\/en\/wp-json\/wp\/v2\/pages\/33"}],"wp:attachment":[{"href":"http:\/\/dansstudio.nu\/en\/wp-json\/wp\/v2\/media?parent=43"}],"curies":[{"name":"wp","href":"https:\/\/api.w.org\/{rel}","templated":true}]}}