{"id":56,"date":"2017-08-09T15:50:14","date_gmt":"2017-08-09T13:50:14","guid":{"rendered":"http:\/\/prototyp.dansstudio.nu\/?page_id=56"},"modified":"2017-09-14T14:38:19","modified_gmt":"2017-09-14T12:38:19","slug":"boka-evenemang","status":"publish","type":"page","link":"http:\/\/dansstudio.nu\/en\/boka-evenemang\/","title":{"rendered":"Boka evenemang"},"content":{"rendered":"<ul>\n<li><a href=\"http:\/\/dansstudio.nu\/boka-evenemang\/fodelsedagskalas\/\">F\u00f6delsedagskalas<\/a><\/li>\n<li><a href=\"http:\/\/dansstudio.nu\/boka-evenemang\/mohippa-eller-svensexa\/\">M\u00f6hippa eller Svensexa<\/a><\/li>\n<li><a href=\"http:\/\/dansstudio.nu\/boka-evenemang\/foretagsfester-events\/\">F\u00f6retagsfester eller events<\/a><\/li>\n<\/ul>\n","protected":false},"excerpt":{"rendered":"<p>F\u00f6delsedagskalas M\u00f6hippa eller Svensexa F\u00f6retagsfester eller events<\/p>\n","protected":false},"author":1,"featured_media":0,"parent":0,"menu_order":40,"comment_status":"closed","ping_status":"closed","template":"","meta":{"_genesis_hide_title":false,"_genesis_hide_breadcrumbs":false,"_genesis_hide_singular_image":false,"_genesis_hide_footer_widgets":false,"_genesis_custom_body_class":"","_genesis_custom_post_class":"","_genesis_layout":"","footnotes":""},"_links":{"self":[{"href":"http:\/\/dansstudio.nu\/en\/wp-json\/wp\/v2\/pages\/56"}],"collection":[{"href":"http:\/\/dansstudio.nu\/en\/wp-json\/wp\/v2\/pages"}],"about":[{"href":"http:\/\/dansstudio.nu\/en\/wp-json\/wp\/v2\/types\/page"}],"author":[{"embeddable":true,"href":"http:\/\/dansstudio.nu\/en\/wp-json\/wp\/v2\/users\/1"}],"replies":[{"embeddable":true,"href":"http:\/\/dansstudio.nu\/en\/wp-json\/wp\/v2\/comments?post=56"}],"version-history":[{"count":1,"href":"http:\/\/dansstudio.nu\/en\/wp-json\/wp\/v2\/pages\/56\/revisions"}],"predecessor-version":[{"id":562,"href":"http:\/\/dansstudio.nu\/en\/wp-json\/wp\/v2\/pages\/56\/revisions\/562"}],"wp:attachment":[{"href":"http:\/\/dansstudio.nu\/en\/wp-json\/wp\/v2\/media?parent=56"}],"curies":[{"name":"wp","href":"https:\/\/api.w.org\/{rel}","templated":true}]}}