{"id":58,"date":"2017-08-09T16:04:56","date_gmt":"2017-08-09T14:04:56","guid":{"rendered":"http:\/\/prototyp.dansstudio.nu\/?page_id=58"},"modified":"2026-02-11T15:22:22","modified_gmt":"2026-02-11T14:22:22","slug":"fodelsedagskalas","status":"publish","type":"page","link":"http:\/\/dansstudio.nu\/en\/boka-evenemang\/fodelsedagskalas\/","title":{"rendered":"F\u00f6delsedagskalas"},"content":{"rendered":"<p>Ett kalas att minnas f\u00f6r dig och dina v\u00e4nner!<\/p>\n<h3>TEMA \u2013 Du kan v\u00e4lja ett tema f\u00f6r ditt kalas<\/h3>\n<p><img loading=\"lazy\" decoding=\"async\" class=\"alignright wp-image-59 size-medium\" src=\"http:\/\/dansstudio.nu\/wp-content\/uploads\/2017\/08\/danskalas-300x135.png\" alt=\"\" width=\"300\" height=\"135\" srcset=\"http:\/\/dansstudio.nu\/wp-content\/uploads\/2017\/08\/danskalas-300x135.png 300w, http:\/\/dansstudio.nu\/wp-content\/uploads\/2017\/08\/danskalas-768x344.png 768w, http:\/\/dansstudio.nu\/wp-content\/uploads\/2017\/08\/danskalas.png 854w\" sizes=\"(max-width: 300px) 100vw, 300px\" \/><\/p>\n<ul>\n<li>Popstj\u00e4rna<\/li>\n<li>Disco<\/li>\n<li>Pyjamasparty<\/li>\n<li>Hiphop<\/li>\n<li>Showdans<\/li>\n<li>V\u00e4lj eget tema!<\/li>\n<\/ul>\n<h3>Detta ing\u00e5r<\/h3>\n<ul>\n<li>45 min. danslektion<\/li>\n<li>Discobelysning i danssalen<\/li>\n<li>Kalasdukning och dekoration<\/li>\n<li>Glass och saft<\/li>\n<li>Fiskedamm<\/li>\n<li>Present till f\u00f6delsedagsbarnet<\/li>\n<\/ul>\n<p>Vi b\u00f6rjar med en 45 minuter l\u00e5ng danslektion. Efter\u00e5t, n\u00e4r barnen \u00e4r fikasugna, samlas vi med en v\u00e4rd f\u00f6r glass och dryck. Avslutningsvis f\u00e5r alla barnen en varsin godisp\u00e5se.<\/p>\n<p><strong>OBS<\/strong> Minst en v\u00e5rdnadshavare m\u00e5ste vara med under kalaset.<\/p>\n<p>Pris: 2950 kr f\u00f6r upp till 15 barn under tv\u00e5 timmar. Om ni \u00f6nskar bjuda fler \u00e4n 15 barn tillkommer 125 kr extra per barn.<\/p>\n<p><strong>BOKNING<\/strong> Bokning per e-post\u00a0<a href=\"mailto:event@dansstudio.nu\"><strong>event@dansstudio.nu<\/strong><\/a><\/p>\n<h3>Avbokningsregler<\/h3>\n<ul>\n<li>Fri avbokning fram till 1 vecka f\u00f6re kalaset. Efter det kostar det 500:-.<\/li>\n<li>Avbokning dagen innan: halva avgiften m\u00e5ste betalas.<\/li>\n<li>Samma dag: hela avgiften m\u00e5ste betalas.<\/li>\n<\/ul>\n","protected":false},"excerpt":{"rendered":"<p>Ett kalas att minnas f\u00f6r dig och dina v\u00e4nner! TEMA \u2013 Du kan v\u00e4lja ett tema f\u00f6r ditt kalas Popstj\u00e4rna Disco Pyjamasparty Hiphop Showdans V\u00e4lj eget tema! Detta ing\u00e5r 45 min. danslektion Discobelysning i danssalen Kalasdukning och dekoration Glass och saft Fiskedamm Present till f\u00f6delsedagsbarnet Vi b\u00f6rjar med en 45 minuter l\u00e5ng danslektion. Efter\u00e5t, n\u00e4r [&hellip;]<\/p>\n","protected":false},"author":1,"featured_media":0,"parent":56,"menu_order":0,"comment_status":"closed","ping_status":"closed","template":"","meta":{"_genesis_hide_title":false,"_genesis_hide_breadcrumbs":false,"_genesis_hide_singular_image":false,"_genesis_hide_footer_widgets":false,"_genesis_custom_body_class":"","_genesis_custom_post_class":"","_genesis_layout":"","footnotes":""},"_links":{"self":[{"href":"http:\/\/dansstudio.nu\/en\/wp-json\/wp\/v2\/pages\/58"}],"collection":[{"href":"http:\/\/dansstudio.nu\/en\/wp-json\/wp\/v2\/pages"}],"about":[{"href":"http:\/\/dansstudio.nu\/en\/wp-json\/wp\/v2\/types\/page"}],"author":[{"embeddable":true,"href":"http:\/\/dansstudio.nu\/en\/wp-json\/wp\/v2\/users\/1"}],"replies":[{"embeddable":true,"href":"http:\/\/dansstudio.nu\/en\/wp-json\/wp\/v2\/comments?post=58"}],"version-history":[{"count":14,"href":"http:\/\/dansstudio.nu\/en\/wp-json\/wp\/v2\/pages\/58\/revisions"}],"predecessor-version":[{"id":3048,"href":"http:\/\/dansstudio.nu\/en\/wp-json\/wp\/v2\/pages\/58\/revisions\/3048"}],"up":[{"embeddable":true,"href":"http:\/\/dansstudio.nu\/en\/wp-json\/wp\/v2\/pages\/56"}],"wp:attachment":[{"href":"http:\/\/dansstudio.nu\/en\/wp-json\/wp\/v2\/media?parent=58"}],"curies":[{"name":"wp","href":"https:\/\/api.w.org\/{rel}","templated":true}]}}