{"id":636,"date":"2017-10-23T17:11:40","date_gmt":"2017-10-23T15:11:40","guid":{"rendered":"http:\/\/dansstudio.nu\/?page_id=636"},"modified":"2017-10-23T17:14:06","modified_gmt":"2017-10-23T15:14:06","slug":"klass-presentation-eriksbergsskolans-aula-v-49","status":"publish","type":"page","link":"http:\/\/dansstudio.nu\/en\/klass-presentation-eriksbergsskolans-aula-v-49\/","title":{"rendered":"KLASS PRESENTATION ERIKSBERGSSKOLANS AULA V.49"},"content":{"rendered":"<h2 style=\"text-align: center;\">V\u00e4lkomna<strong> till h\u00f6stterminens sista klass-presentation i Eriksbergsskolans aula<\/strong><br \/>\n<strong>4, 5, 6 eller\/och 7 december.<\/strong><\/h2>\n<p>&nbsp;<\/p>\n<p style=\"text-align: center;\"><strong>Nedan kan ni se vilken av dagarna ert\/era barn deltar i presentationen. F\u00f6r att det ska bli r\u00e4tt dag beh\u00f6ver ni ha koll p\u00e5 kursnumret.<\/strong><\/p>\n<p style=\"text-align: center;\"><strong>M\u00e5ndag 4 dec. 17:00<\/strong><br \/>\n05 Barndans 4-5 \u00e5r(Elise Svensson)<br \/>\n43 Street 9-11 \u00e5r(Elin Thors\u00e9n, halva gruppen)<br \/>\n157 Jazz 11-14 \u00e5r(Elin Thors\u00e9n, halva gruppen)<br \/>\n44 Hiphop\/Street 11-14 \u00e5r(Elin, Alma &amp;Timmy)<br \/>\n9051 Dansmix 8-10 \u00e5r (Elin Thors\u00e9n, halva gruppen)<\/p>\n<p style=\"text-align: center;\"><strong>M\u00e5ndag 4 dec. kl:18:30<\/strong><br \/>\n43 Street 9-11 \u00e5r(Elin Thors\u00e9n, halva gruppen)<br \/>\n70 F\u00f6rb. Showdans 6-8 \u00e5r(Alina Wall)<br \/>\n157 Jazz 11-14 \u00e5r(Elin Thors\u00e9n, halva gruppen)<br \/>\n9064 Teater 8-11 \u00e5r(Isabella Dahlberg)<br \/>\n9065 Teater 12-15 \u00e5r(Isabella Dahlberg)<br \/>\n15 Balett 11-14 \u00e5r(Anna M\u00e5nson)<\/p>\n<p style=\"text-align: center;\"><strong>Tisdag 5 dec. kl:17.00<\/strong><br \/>\n04 Dansmix 5-6 \u00e5r(Elin Thors\u00e9n)<br \/>\n09 F\u00f6rb. Balett(Elise Svensson)<br \/>\n10 F\u00f6rb. Balett 6-8 \u00e5r(Alina Wall)<br \/>\n9051 Dansmix 8-10 \u00e5r(Elin Thors\u00e9n, halva gruppen)<\/p>\n<p style=\"text-align: center;\"><strong>Onsdag 6 dec. kl:17:00<\/strong><br \/>\n07 Dansmix 5-6 \u00e5r (Elise Svensson)<br \/>\n51 F\u00f6rb. Jazz 6-8 \u00e5r (Elise Svensson)<br \/>\n41 Hiphop\/Street 8-10 \u00e5r(Elin, Johan&amp;Marcus)<br \/>\n71 Showdans 9-11 \u00e5r(Louisa Vaivade)<br \/>\n75 Showdans 11-14 \u00e5r (Emelie Ekstr\u00f6m)<\/p>\n<p style=\"text-align: center;\"><strong>Torsdag 7 dec. kl:17:00<\/strong><br \/>\n06 Barndans 4-5 \u00e5r(Elin Thors\u00e9n)<br \/>\n249 Showjazz 7-9 \u00e5r(Ida Adriansson)<br \/>\n60 F\u00f6rb. Dansmix 6-8 \u00e5r(Elin Thors\u00e9n)<br \/>\n11 Balett 9-10 \u00e5r(Evelyn Moore-Persson)<br \/>\n12 Balett 10-11 \u00e5r(Pernilla Andersson)<\/p>\n<p style=\"text-align: center;\"><strong>Torsdag 7 dec. kl:18:30<\/strong><br \/>\n80 stepp 8-12 \u00e5r Nyb.(Evelyn Moore-Persson)<br \/>\n82 Stepp 8-12 \u00e5r Forts.(Evelyn Moore-Persson)<br \/>\n40 Breakdance Nyb.(Alexander Sahlholm)<br \/>\n42 Breakdance Forts. (Alexander Sahlholm)<br \/>\n9052 Balett 12-14 \u00e5r(Evelyn Moore-Persson)<br \/>\n52 Dansmix 10-12 \u00e5r (Elin Thors\u00e9n)<\/p>\n<p style=\"text-align: center;\"><strong>Ni som deltar i en kl:17:00 presentation: <\/strong><\/p>\n<p style=\"text-align: center;\">-Eleverna ska vara p\u00e5 plats i aulan senast kl:16:40 d\u00e4r l\u00e4raren\/assistenten m\u00f6ter upp sina elever.<br \/>\n-Anh\u00f6rig kommer att kunna g\u00e5 in i aulan tillsammans med barnet vid l\u00e4mning. Ha er biljett redo!<br \/>\n&#8211; F\u00f6r\u00e4lder\/anh\u00f6rig ansvarar f\u00f6r av- och p\u00e5kl\u00e4dning av barnet samt ansvarar f\u00f6r ytterkl\u00e4derna.<br \/>\n&#8211; Kl\u00e4dsel p\u00e5 scen: Det som eleverna vanligtvis har p\u00e5 sig p\u00e5 danslektionen.<br \/>\n-Efter presentationen m\u00e5ste lokalerna utrymmas s\u00e5 fort som m\u00f6jligt. Detta f\u00f6r att vi har ytterligare en presentation kl:18:30. F\u00f6r er med barn som \u00e4r tillr\u00e4ckligt gamla kan m\u00f6ta upp sina barn utanf\u00f6r, p\u00e5 skolg\u00e5rden. Yngre barn l\u00e4mnar sj\u00e4lvklart aulan med ansvarig anh\u00f6rig.<\/p>\n<p style=\"text-align: center;\"><strong>Ni som deltar kl:18:30 :<\/strong><\/p>\n<p style=\"text-align: center;\">-Eleverna ska vara p\u00e5 plats i aulan senast kl: 18:20 d\u00e4r l\u00e4raren\/assistenten m\u00f6ter upp sina elever.<br \/>\n-Anh\u00f6rig kommer att kunna g\u00e5 in i aulan tillsammans med barnet vid l\u00e4mning. Ha er biljett redo!<br \/>\n&#8211; F\u00f6r\u00e4lder\/anh\u00f6rig ansvarar f\u00f6r av- och p\u00e5kl\u00e4dning av barnet samt ansvarar f\u00f6r ytterkl\u00e4derna.<br \/>\n&#8211; Kl\u00e4dsel p\u00e5 scen: Det som eleverna vanligtvis har p\u00e5 sig p\u00e5 danslektionen.<\/p>\n<p style=\"text-align: center;\"><strong>Biljetter:<\/strong><\/p>\n<p style=\"text-align: center;\">Vuxen: 50kr<br \/>\nBarn &amp; ungdom : 40kr (gratis entr\u00e9 f\u00f6r barn som sitter i kn\u00e4).<br \/>\nBiljetter kan ni k\u00f6pa i receptionen fr.o.m m\u00e5ndag 13 november(v.46).<br \/>\n\u00d6ppettider reception: m\u00e5n-tors kl: 16:00-20:00<\/p>\n<p style=\"text-align: center;\"><strong>OBS.<\/strong><\/p>\n<p style=\"text-align: center;\">Barndans 3-4 \u00e5r p\u00e5 s\u00f6ndagar(kurs nr 02), Barndans 3-4 \u00e5r p\u00e5 onsdagar(kurs nr 03) kommer att ha en presentation p\u00e5 dansstudion vid sista ordinarie kurstillf\u00e4lle v. 48.<\/p>\n","protected":false},"excerpt":{"rendered":"<p>V\u00e4lkomna till h\u00f6stterminens sista klass-presentation i Eriksbergsskolans aula 4, 5, 6 eller\/och 7 december. &nbsp; Nedan kan ni se vilken av dagarna ert\/era barn deltar i presentationen. F\u00f6r att det ska bli r\u00e4tt dag beh\u00f6ver ni ha koll p\u00e5 kursnumret. M\u00e5ndag 4 dec. 17:00 05 Barndans 4-5 \u00e5r(Elise Svensson) 43 Street 9-11 \u00e5r(Elin Thors\u00e9n, halva [&hellip;]<\/p>\n","protected":false},"author":4,"featured_media":0,"parent":0,"menu_order":0,"comment_status":"closed","ping_status":"closed","template":"","meta":{"_genesis_hide_title":false,"_genesis_hide_breadcrumbs":false,"_genesis_hide_singular_image":false,"_genesis_hide_footer_widgets":false,"_genesis_custom_body_class":"","_genesis_custom_post_class":"","_genesis_layout":"","footnotes":""},"_links":{"self":[{"href":"http:\/\/dansstudio.nu\/en\/wp-json\/wp\/v2\/pages\/636"}],"collection":[{"href":"http:\/\/dansstudio.nu\/en\/wp-json\/wp\/v2\/pages"}],"about":[{"href":"http:\/\/dansstudio.nu\/en\/wp-json\/wp\/v2\/types\/page"}],"author":[{"embeddable":true,"href":"http:\/\/dansstudio.nu\/en\/wp-json\/wp\/v2\/users\/4"}],"replies":[{"embeddable":true,"href":"http:\/\/dansstudio.nu\/en\/wp-json\/wp\/v2\/comments?post=636"}],"version-history":[{"count":7,"href":"http:\/\/dansstudio.nu\/en\/wp-json\/wp\/v2\/pages\/636\/revisions"}],"predecessor-version":[{"id":643,"href":"http:\/\/dansstudio.nu\/en\/wp-json\/wp\/v2\/pages\/636\/revisions\/643"}],"wp:attachment":[{"href":"http:\/\/dansstudio.nu\/en\/wp-json\/wp\/v2\/media?parent=636"}],"curies":[{"name":"wp","href":"https:\/\/api.w.org\/{rel}","templated":true}]}}