{"id":67,"date":"2017-08-09T16:12:31","date_gmt":"2017-08-09T14:12:31","guid":{"rendered":"http:\/\/prototyp.dansstudio.nu\/?page_id=67"},"modified":"2025-01-27T18:22:10","modified_gmt":"2025-01-27T17:22:10","slug":"mohippa-eller-svensexa","status":"publish","type":"page","link":"http:\/\/dansstudio.nu\/en\/boka-evenemang\/mohippa-eller-svensexa\/","title":{"rendered":"M\u00f6hippa eller svensexa"},"content":{"rendered":"<p>En 60-minuters danslektion med \u00f6nskad dansstil! \u00d6verraska dina n\u00e4ra och k\u00e4ra genom en upplevelse! Vad kan bli b\u00e4ttre \u00e4n att f\u00e5 roliga minnen ihop med sina v\u00e4nner! Vi har m\u00e5nga roliga och popul\u00e4ra teman f\u00f6r m\u00f6hippor och svensexor.<\/p>\n<ul>\n<li>Hiphop<\/li>\n<li>Disco (70-tal)<\/li>\n<li>Hiphop\/Street<\/li>\n<li>Feminine vibe<\/li>\n<li>Burlesque<\/li>\n<li>Dance Fusion<\/li>\n<li>Contemporary<\/li>\n<li>Jazz<\/li>\n<li>Musikaldans<\/li>\n<li>Balett<\/li>\n<li>Eller v\u00e4lj ett eget tema!<\/li>\n<\/ul>\n<p>Ta g\u00e4rna med bekv\u00e4ma kl\u00e4der att dansa i.<\/p>\n<h3>Avbokningsregler:<\/h3>\n<ul>\n<li>Fri avbokning fram till en vecka f\u00f6re lektionen. Sedan kostar det 500:-<\/li>\n<li>Avbokning dagen innan: halva avgiften m\u00e5ste betalas.<\/li>\n<li>Samma dag: hela avgiften m\u00e5ste betalas.<\/li>\n<\/ul>\n<h3>Bokning:<\/h3>\n<p>Kontakta oss p\u00e5 <a href=\"mailto:event@dansstudio.nu\">event@dansstudio.nu<\/a> f\u00f6r en offert.<\/p>\n<p>\u00d6vrigt: Vi har omkl\u00e4dningsrum med dusch.<br \/>\nParkering finns.<\/p>\n","protected":false},"excerpt":{"rendered":"<p>En 60-minuters danslektion med \u00f6nskad dansstil! \u00d6verraska dina n\u00e4ra och k\u00e4ra genom en upplevelse! Vad kan bli b\u00e4ttre \u00e4n att f\u00e5 roliga minnen ihop med sina v\u00e4nner! Vi har m\u00e5nga roliga och popul\u00e4ra teman f\u00f6r m\u00f6hippor och svensexor. Hiphop Disco (70-tal) Hiphop\/Street Feminine vibe Burlesque Dance Fusion Contemporary Jazz Musikaldans Balett Eller v\u00e4lj ett eget [&hellip;]<\/p>\n","protected":false},"author":1,"featured_media":0,"parent":56,"menu_order":20,"comment_status":"closed","ping_status":"closed","template":"","meta":{"_genesis_hide_title":false,"_genesis_hide_breadcrumbs":false,"_genesis_hide_singular_image":false,"_genesis_hide_footer_widgets":false,"_genesis_custom_body_class":"","_genesis_custom_post_class":"","_genesis_layout":"","footnotes":""},"_links":{"self":[{"href":"http:\/\/dansstudio.nu\/en\/wp-json\/wp\/v2\/pages\/67"}],"collection":[{"href":"http:\/\/dansstudio.nu\/en\/wp-json\/wp\/v2\/pages"}],"about":[{"href":"http:\/\/dansstudio.nu\/en\/wp-json\/wp\/v2\/types\/page"}],"author":[{"embeddable":true,"href":"http:\/\/dansstudio.nu\/en\/wp-json\/wp\/v2\/users\/1"}],"replies":[{"embeddable":true,"href":"http:\/\/dansstudio.nu\/en\/wp-json\/wp\/v2\/comments?post=67"}],"version-history":[{"count":17,"href":"http:\/\/dansstudio.nu\/en\/wp-json\/wp\/v2\/pages\/67\/revisions"}],"predecessor-version":[{"id":2847,"href":"http:\/\/dansstudio.nu\/en\/wp-json\/wp\/v2\/pages\/67\/revisions\/2847"}],"up":[{"embeddable":true,"href":"http:\/\/dansstudio.nu\/en\/wp-json\/wp\/v2\/pages\/56"}],"wp:attachment":[{"href":"http:\/\/dansstudio.nu\/en\/wp-json\/wp\/v2\/media?parent=67"}],"curies":[{"name":"wp","href":"https:\/\/api.w.org\/{rel}","templated":true}]}}