{"id":69,"date":"2017-08-09T16:19:17","date_gmt":"2017-08-09T14:19:17","guid":{"rendered":"http:\/\/prototyp.dansstudio.nu\/?page_id=69"},"modified":"2025-01-27T18:09:46","modified_gmt":"2025-01-27T17:09:46","slug":"foretagsfester-events","status":"publish","type":"page","link":"http:\/\/dansstudio.nu\/en\/boka-evenemang\/foretagsfester-events\/","title":{"rendered":"F\u00f6retagsfester &#038; events"},"content":{"rendered":"<p>Danslektioner eller f\u00f6rest\u00e4llningar f\u00f6r ditt f\u00f6retag eller speciella events. L\u00e5t oss sammanst\u00e4lla ett evenemang som till\u00e5ter alla att delta och ha kul! F\u00f6r f\u00f6retag som \u00e4r intresserade av &#8220;lunchdansklasser&#8221; har vi m\u00f6jlighet att erbjuda enstaka dansklasser (kl: 10:00-13:00), eller lunchklasser terminsvis.<\/p>\n<h3>Danslektioner<\/h3>\n<p>Vi har ett brett utbud av dansstilar som ni kan v\u00e4lja emellan.<\/p>\n<p>Vi erbjuder:<\/p>\n<ul>\n<li>Jazz<\/li>\n<li>Stepp<\/li>\n<li>Showdance<\/li>\n<li>Hiphop<\/li>\n<li>Contemporary<\/li>\n<li>Dance Fusion<\/li>\n<li>Bollywood<\/li>\n<li>Disco<\/li>\n<li>Magdans<\/li>\n<li>Balett<\/li>\n<\/ul>\n<p>Kontakta oss f\u00f6r en offert:<a href=\"mailto:event@dansstudio.nu\"> event@dansstudio.nu<\/a><\/p>\n","protected":false},"excerpt":{"rendered":"<p>Danslektioner eller f\u00f6rest\u00e4llningar f\u00f6r ditt f\u00f6retag eller speciella events. L\u00e5t oss sammanst\u00e4lla ett evenemang som till\u00e5ter alla att delta och ha kul! F\u00f6r f\u00f6retag som \u00e4r intresserade av &#8220;lunchdansklasser&#8221; har vi m\u00f6jlighet att erbjuda enstaka dansklasser (kl: 10:00-13:00), eller lunchklasser terminsvis. Danslektioner Vi har ett brett utbud av dansstilar som ni kan v\u00e4lja emellan. Vi [&hellip;]<\/p>\n","protected":false},"author":1,"featured_media":0,"parent":56,"menu_order":30,"comment_status":"closed","ping_status":"closed","template":"","meta":{"_genesis_hide_title":false,"_genesis_hide_breadcrumbs":false,"_genesis_hide_singular_image":false,"_genesis_hide_footer_widgets":false,"_genesis_custom_body_class":"","_genesis_custom_post_class":"","_genesis_layout":"","footnotes":""},"_links":{"self":[{"href":"http:\/\/dansstudio.nu\/en\/wp-json\/wp\/v2\/pages\/69"}],"collection":[{"href":"http:\/\/dansstudio.nu\/en\/wp-json\/wp\/v2\/pages"}],"about":[{"href":"http:\/\/dansstudio.nu\/en\/wp-json\/wp\/v2\/types\/page"}],"author":[{"embeddable":true,"href":"http:\/\/dansstudio.nu\/en\/wp-json\/wp\/v2\/users\/1"}],"replies":[{"embeddable":true,"href":"http:\/\/dansstudio.nu\/en\/wp-json\/wp\/v2\/comments?post=69"}],"version-history":[{"count":7,"href":"http:\/\/dansstudio.nu\/en\/wp-json\/wp\/v2\/pages\/69\/revisions"}],"predecessor-version":[{"id":2846,"href":"http:\/\/dansstudio.nu\/en\/wp-json\/wp\/v2\/pages\/69\/revisions\/2846"}],"up":[{"embeddable":true,"href":"http:\/\/dansstudio.nu\/en\/wp-json\/wp\/v2\/pages\/56"}],"wp:attachment":[{"href":"http:\/\/dansstudio.nu\/en\/wp-json\/wp\/v2\/media?parent=69"}],"curies":[{"name":"wp","href":"https:\/\/api.w.org\/{rel}","templated":true}]}}