{"id":791,"date":"2018-02-14T21:33:33","date_gmt":"2018-02-14T20:33:33","guid":{"rendered":"http:\/\/dansstudio.nu\/?page_id=791"},"modified":"2023-10-27T19:00:52","modified_gmt":"2023-10-27T17:00:52","slug":"kursbeskrivning","status":"publish","type":"page","link":"http:\/\/dansstudio.nu\/en\/kursbeskrivning\/","title":{"rendered":"Kursbeskrivning"},"content":{"rendered":"<p><strong>Dans f\u00f6r Barn:<\/strong><\/p>\n<p>Med Barndans l\u00e4r sig barnen dansa p\u00e5 ett lekfullt s\u00e4tt. Kursen bygger p\u00e5 koordination, improvisation, musikalitet, och r\u00f6relsefantasi.<\/p>\n<p><strong>F\u00f6rberedande dans:<\/strong><\/p>\n<p>F\u00f6rberedande dans \u00e4r grunden till den konstn\u00e4rliga dansen. Barnen f\u00e5r l\u00e4ra sig sm\u00e5 koreografier, tr\u00e4na koordination och musikalitet.<\/p>\n<p><strong>Unga\/Ton\u00e5r\/Vuxna<\/strong><\/p>\n<p>Lektionerna b\u00f6rjar med uppv\u00e4rmning, f\u00f6ljt av steg och kombinationer. Balettekniken bygger p\u00e5 rytmk\u00e4nsla till klassisk musik. Show, Hiphop och Dansmix tr\u00e4nar koordinationsf\u00f6rm\u00e5ga, smidighet och styrka. Eleverna dansar till alla typer av musik som t.ex hiphop, pop, RnB och musikal.<\/p>\n<p><strong>DANSMIX<\/strong> &#8211; Dessa kurser kombinerar olika dansstilar inom samma danskurs. Kurser i Dansmix fokuserar ofta p\u00e5 moderna danser, s\u00e5som Jazz, Balett och Showdans. En annan vanlig kombination \u00e4r Afrikansk dans och Streetdance, vilket \u00e4r tv\u00e5 stilar som har influerat varandra under en l\u00e4ngre tid. Det finns \u00e4ven Dansmix kurser som blandar helt olika stilar och ger dig som deltagare en bredare undervisning.<\/p>\n<p><strong>BALETT<\/strong> &#8211; Balett \u00e4r ett s\u00e4tt att tr\u00e4na sin h\u00e5llning, styrka och vighet som man sedan har nytta av i andra dansformer s\u00e5som Modern dans och Jazzdans.<\/p>\n<p><strong>JAZZ<\/strong> &#8211; \u00e4r den dansstil du oftast ser p\u00e5 scen i musikaler, filmer och musikvideor. Dansstilen \u00e4r en sammansm\u00e4ltning av dansstilar fr\u00e5n hela v\u00e4rlden d\u00e4r den afrikanska dansens rytmik och musik \u00e4r en av grundpelarna. Inom jazzdansen finns ocks\u00e5 substilar som Streetjazz och LA Jazz.<\/p>\n<p><strong>STREETDANS<\/strong> &#8211; Streetdance eller Streetdans \u00e4r ett samlingsnamn f\u00f6r olika dansstilar som alla har sitt ursprung fr\u00e5n klubbarna och gatorna i USA. En Streetdancekurs \u00a0kan d\u00e4rf\u00f6r inneh\u00e5lla; Breakdance, New Style, House, Dancehall och Ragga. Vissa Streetdance kurser blandar olika stilar och skapar nya s\u00e4tt att uttrycka sig genom dansen. Den mest k\u00e4nda stilen \u00e4r Breakdance som \u00e4r en av hiphopens fyra grundpelare. Danskurser inom Breaking, som det ocks\u00e5 kallas, innefattar akrobatisk dans och mycket snabba r\u00f6relser och steg som st\u00e4ller krav p\u00e5 smidighet och styrka. Grunderna fr\u00e5n dansen kommer fr\u00e5n de afrikanska danserna, men \u00e4ven fr\u00e5n Capoeira och Jazz. Den senaste stilen inom Streetdance \u00e4r New Style, vilket \u00e4r en mix av Hip Hop och House. P\u00e5 danskurserna h\u00e4mtas mycket inspiration fr\u00e5n de senaste musikvideorna p\u00e5 TV och fr\u00e5n danser som ut\u00f6vas p\u00e5 klubbar. Dansstilen \u00e4r renare \u00e4n Breakdance och kan anv\u00e4ndas inom flera andra musikstilar.<\/p>\n<p><strong>re SALSA<\/strong> \u00e4r egentligen en improviserad pardans som innefattar tv\u00e5 huvudstilar; Kubansk salsa och NY-\/LA-stilen. Grundstegen \u00e4r dock v\u00e4ldigt lika varandra, men det finns lika m\u00e5nga stilar.<\/p>\n<p><strong>re AFROKUBANSK DANS<\/strong> \u00e4r en blandning av olika afrikanska folkdanser. Vad som karakt\u00e4riserar en Afrokubansk danskurs \u00e4r starka och pulserande trumtakter som k\u00e4nns i hela kroppen. En danskurs \u00e4r en dansupplevelse med h\u00f6g puls och h\u00f6gt tempo.<\/p>\n<p><strong>SHOWDANS<\/strong> &#8211; \u00e4r en rolig och fartfylld dansstil som har sin grund i jazzdansen som fokuserar p\u00e5 uttryck och scenframtr\u00e4dande. Precis som Jazzdans inneh\u00e5ller showdans mycket dynamik och smidighet men showdansen syftar alla \u00f6vningar till att befinna sig p\u00e5 en scen. Musiken \u00e4r blandad, traditionell musikalmusik kan blandas med s\u00e5v\u00e4l rock som modern pop. I Showdans tr\u00e4nar man styrka, koordination, rytm och kondition precis som i traditionell Jazz.<\/p>\n<p><strong>STEPPDANS<\/strong> &#8211; uppstod ur m\u00f6tet mellan den afroamerikanska dansen och de europeiska folkdanserna som irl\u00e4ndsk clog och jig. Rytmiska kombinationer, s\u00e4rskilt synkoper och fraseringar, \u00e4r speciella just f\u00f6r steppen.<\/p>\n<p><strong>re COMMERCIAL<\/strong> &#8211; De mest v\u00e4lmeriterade svenska Streetl\u00e4rarna kommer att k\u00f6ra stenh\u00e5rt i varierade stilar. Utforskande och skapande och med den tyngd och attityd som stilen kr\u00e4ver. Stilarna du hittar h\u00e4r grundar sig p\u00e5 Old School (\u00e4ldre street-stilar) och New School som \u00e4r de stilar som skapas i takt med att hiphop hela tiden utvecklas. Inspiration h\u00e4mtas \u00e4ven fr\u00e5n legendariska dansare och stilar men \u00e4ven fr\u00e5n film, TV, dansevent och musikvideos. Gillar du Michael Jackson? Se kursen Popping &#8211; det \u00e4r den teknik som Michael Jacksons dansstil bygger p\u00e5. \u00c4ven i hiphop\/streetkurserna ing\u00e5r en hel del popping.<\/p>\n<p><strong>re CONTEMPORARY<\/strong> <strong>JAZZ<\/strong>\u00a0 \u00e4r en dynamisk dansstil baserad p\u00e5 lyrisk jazz med starka influenser fr\u00e5n modern\/nutida dans. Stilen \u00e4r mjuk, flytande och kraftfull p\u00e5 samma g\u00e5ng. Uppv\u00e4rmningen f\u00f6rbereder och st\u00e4rker kroppen, sedan forts\u00e4tter klassen med diagonaler och inspirerande kombinationer p\u00e5 golvet. Diagonalerna och kombinationerna varierar i intensitet och tempo, fr\u00e5n lugnt till snabbt, och \u00e4r tekniskt utmanande. Dansstilen utvecklas st\u00e4ndigt och \u00e4r personlig, det inneb\u00e4r att alla l\u00e4rare undervisar i sin individuella stil och att musikval varierar.<\/p>\n<p><strong>HIPHOP<\/strong> \u00e4r en tung, rytmisk, utmanande och kr\u00e4vande dansstil. Attityd, fotarbete, coola grooves, synkroniserade armr\u00f6relser, v\u00e5gor genom kroppen och att snurra p\u00e5 kn\u00e4na, f\u00f6tterna eller huvudet \u00e4r sj\u00e4lvklara inslag inom hiphop.<\/p>\n<p><strong>re MODERN JAZZ<\/strong> utmanar de fysiska lagarna och utforskar kroppens r\u00f6relse- och uttrycksm\u00f6jligheter, fl\u00f6de, pendelr\u00f6relser, fall, gravitation och golvteknik.<\/p>\n<p>P\u00e5 klasserna utforskar vi och l\u00e4r oss beh\u00e4rska olika stegsekvenser och danskombinationer. Vi arbetar med grundl\u00e4ggande golvteknik d\u00e4r vi \u00f6var upp teknik, styrka och koordination och med improvisation till musik som inspirerar till olika uttryck. Ofta blandas m\u00e5nga musikstilar och rytmer under en termin.<\/p>\n<p><strong>BREAKDANCE<\/strong> uppstod tidigt 80-tal i Bronx, New York och har sen dess v\u00e4xt till att bli en av dom st\u00f6rsta delarna inom hiphopkulturen. Dansstilen kommer fr\u00e5n en m\u00e4ngd dansstilar som locking, men \u00e4ven kampsporter som exempelvis capoeira. Breaking \u00e4r under st\u00e4ndig utveckling och influeras fortfarande av andra dansstilar och sporter d\u00e5 dansen handlar om att uttrycka sig sj\u00e4lv och s\u00e4tta en personlig pr\u00e4gel.<\/p>\n<p><strong>TEATER<\/strong> \u2013 P\u00e5 teaterkursen f\u00e5r du l\u00e4ra dig sysslar mest med teaterimprovisation.\u00a0 Ocks\u00e5 tr\u00e4nar r\u00f6st, mimik och kroppsspr\u00e5k.<\/p>\n<p><strong>FEMININE VIBE<\/strong> &#8211; P\u00e5 Feminine Vibe utg\u00e5r fr\u00e5n stilen Commercial och kan \u00e4ven ha inslag av hiphop och jazz.\u00a0 Street med feminie touch d\u00e4r styrka, k\u00e4nsla och attityd st\u00e5r i fokus.<\/p>\n","protected":false},"excerpt":{"rendered":"<p>Dans f\u00f6r Barn: Med Barndans l\u00e4r sig barnen dansa p\u00e5 ett lekfullt s\u00e4tt. Kursen bygger p\u00e5 koordination, improvisation, musikalitet, och r\u00f6relsefantasi. F\u00f6rberedande dans: F\u00f6rberedande dans \u00e4r grunden till den konstn\u00e4rliga dansen. Barnen f\u00e5r l\u00e4ra sig sm\u00e5 koreografier, tr\u00e4na koordination och musikalitet. Unga\/Ton\u00e5r\/Vuxna Lektionerna b\u00f6rjar med uppv\u00e4rmning, f\u00f6ljt av steg och kombinationer. Balettekniken bygger p\u00e5 rytmk\u00e4nsla [&hellip;]<\/p>\n","protected":false},"author":2,"featured_media":0,"parent":0,"menu_order":0,"comment_status":"closed","ping_status":"closed","template":"","meta":{"_genesis_hide_title":false,"_genesis_hide_breadcrumbs":false,"_genesis_hide_singular_image":false,"_genesis_hide_footer_widgets":false,"_genesis_custom_body_class":"","_genesis_custom_post_class":"","_genesis_layout":"","footnotes":""},"_links":{"self":[{"href":"http:\/\/dansstudio.nu\/en\/wp-json\/wp\/v2\/pages\/791"}],"collection":[{"href":"http:\/\/dansstudio.nu\/en\/wp-json\/wp\/v2\/pages"}],"about":[{"href":"http:\/\/dansstudio.nu\/en\/wp-json\/wp\/v2\/types\/page"}],"author":[{"embeddable":true,"href":"http:\/\/dansstudio.nu\/en\/wp-json\/wp\/v2\/users\/2"}],"replies":[{"embeddable":true,"href":"http:\/\/dansstudio.nu\/en\/wp-json\/wp\/v2\/comments?post=791"}],"version-history":[{"count":8,"href":"http:\/\/dansstudio.nu\/en\/wp-json\/wp\/v2\/pages\/791\/revisions"}],"predecessor-version":[{"id":2567,"href":"http:\/\/dansstudio.nu\/en\/wp-json\/wp\/v2\/pages\/791\/revisions\/2567"}],"wp:attachment":[{"href":"http:\/\/dansstudio.nu\/en\/wp-json\/wp\/v2\/media?parent=791"}],"curies":[{"name":"wp","href":"https:\/\/api.w.org\/{rel}","templated":true}]}}