{"id":90,"date":"2017-08-09T16:38:09","date_gmt":"2017-08-09T14:38:09","guid":{"rendered":"http:\/\/prototyp.dansstudio.nu\/?page_id=90"},"modified":"2026-02-10T21:05:37","modified_gmt":"2026-02-10T20:05:37","slug":"kalender","status":"publish","type":"page","link":"http:\/\/dansstudio.nu\/en\/kalender\/","title":{"rendered":"KALENDER"},"content":{"rendered":"<h4 style=\"text-align: left;\"><strong>H\u00f6stterminen 2025<\/strong><\/h4>\n<p><strong>Vecka 34 &#8211; Hiphop Workshop med Mario onsdag 20\/8 &amp; torsdag 21\/8.<\/strong><\/p>\n<p><strong>Vecka 36 &#8211; kursstart.<\/strong><\/p>\n<p><strong>Vecka 44 &#8211; h\u00f6stlovsuppeh\u00e5ll m\u00e5ndag 27\/10 t.o.m. s\u00f6ndag 2\/11.<\/strong><\/p>\n<p><strong>Vecka 48 &#8211; sista ordinarie kursvecka.<\/strong><\/p>\n<p><strong>Vecka 49 &amp; 50 &#8211; &#8220;ta igen&#8221; vecka\u00a0 (ev. inst\u00e4llda klasser tas igen).<\/strong><\/p>\n<h4><strong>V\u00e5rterminen 2026<\/strong><\/h4>\n<p><strong>Vecka 6 &#8211; kursstart.<\/strong><\/p>\n<p><strong>Vecka 8 &#8211; sportlovsuppeh\u00e5ll m\u00e5ndag 16\/2 t.o.m. s\u00f6ndag 22\/2.<\/strong><\/p>\n<p><strong>Vecka 14 &amp; halva vecka 15 &#8211; p\u00e5sklovsuppeh\u00e5ll 30\/3 t.o.m. onsdag 8\/4.<\/strong><\/p>\n<p><strong>Vecka 18 &#8211; valborgsuppeh\u00e5ll m\u00e5ndag 27\/4 t.o.m. s\u00f6ndag 3\/5\u00a0<\/strong><\/p>\n<p><strong>Vecka 20 -Kristi himmelsf\u00e4rdsuppeh\u00e5ll torsdag 14\/5 t.o.m. s\u00f6ndag 17\/5.<\/strong><\/p>\n<p><strong>Vecka 21 &#8211; sista ordinarie kursvecka.<\/strong><\/p>\n<p><strong>Vecka 22 &#8211; elevf\u00f6rest\u00e4llning vid Knivsta Centrum f\u00f6r idrott och kultur (CIK).<\/strong><\/p>\n<p style=\"text-align: center;\"><strong>Obs<i>. <\/i>p\u00e5\u00a0de &#8220;ovanliga&#8221; lovdagarna under terminen passar vi p\u00e5 att ta igen eventuellt missade tillf\u00e4llen.<\/strong><\/p>\n<p>&nbsp;<\/p>\n","protected":false},"excerpt":{"rendered":"<p>H\u00f6stterminen 2025 Vecka 34 &#8211; Hiphop Workshop med Mario onsdag 20\/8 &amp; torsdag 21\/8. Vecka 36 &#8211; kursstart. Vecka 44 &#8211; h\u00f6stlovsuppeh\u00e5ll m\u00e5ndag 27\/10 t.o.m. s\u00f6ndag 2\/11. Vecka 48 &#8211; sista ordinarie kursvecka. Vecka 49 &amp; 50 &#8211; &#8220;ta igen&#8221; vecka\u00a0 (ev. inst\u00e4llda klasser tas igen). V\u00e5rterminen 2026 Vecka 6 &#8211; kursstart. Vecka 8 &#8211; [&hellip;]<\/p>\n","protected":false},"author":1,"featured_media":0,"parent":0,"menu_order":98,"comment_status":"closed","ping_status":"closed","template":"","meta":{"_genesis_hide_title":false,"_genesis_hide_breadcrumbs":false,"_genesis_hide_singular_image":false,"_genesis_hide_footer_widgets":false,"_genesis_custom_body_class":"","_genesis_custom_post_class":"","_genesis_layout":"","footnotes":""},"_links":{"self":[{"href":"http:\/\/dansstudio.nu\/en\/wp-json\/wp\/v2\/pages\/90"}],"collection":[{"href":"http:\/\/dansstudio.nu\/en\/wp-json\/wp\/v2\/pages"}],"about":[{"href":"http:\/\/dansstudio.nu\/en\/wp-json\/wp\/v2\/types\/page"}],"author":[{"embeddable":true,"href":"http:\/\/dansstudio.nu\/en\/wp-json\/wp\/v2\/users\/1"}],"replies":[{"embeddable":true,"href":"http:\/\/dansstudio.nu\/en\/wp-json\/wp\/v2\/comments?post=90"}],"version-history":[{"count":180,"href":"http:\/\/dansstudio.nu\/en\/wp-json\/wp\/v2\/pages\/90\/revisions"}],"predecessor-version":[{"id":3046,"href":"http:\/\/dansstudio.nu\/en\/wp-json\/wp\/v2\/pages\/90\/revisions\/3046"}],"wp:attachment":[{"href":"http:\/\/dansstudio.nu\/en\/wp-json\/wp\/v2\/media?parent=90"}],"curies":[{"name":"wp","href":"https:\/\/api.w.org\/{rel}","templated":true}]}}